{"id":10252,"date":"2021-10-29T07:28:32","date_gmt":"2021-10-29T07:28:32","guid":{"rendered":"https:\/\/demo2wpopal.b-cdn.net\/xocora\/?page_id=10"},"modified":"2021-10-29T07:28:32","modified_gmt":"2021-10-29T07:28:32","slug":"my-account","status":"publish","type":"page","link":"https:\/\/laberintochocolates.es\/es\/my-account\/","title":{"rendered":"My account"},"content":{"rendered":"<div class=\"woocommerce\"><\/div>","protected":false},"excerpt":{"rendered":"","protected":false},"author":1,"featured_media":0,"parent":0,"menu_order":0,"comment_status":"closed","ping_status":"closed","template":"","meta":{"inline_featured_image":false,"footnotes":""},"class_list":["post-10252","page","type-page","status-publish","hentry"],"yoast_head":"<!-- This site is optimized with the Yoast SEO plugin v27.3 - https:\/\/yoast.com\/product\/yoast-seo-wordpress\/ -->\n<title>My account - Laberinto Chocolates<\/title>\n<meta name=\"robots\" content=\"index, follow, max-snippet:-1, max-image-preview:large, max-video-preview:-1\" \/>\n<link rel=\"canonical\" href=\"https:\/\/laberintochocolates.es\/es\/my-account\/\" \/>\n<meta property=\"og:locale\" content=\"es_ES\" \/>\n<meta property=\"og:type\" content=\"article\" \/>\n<meta property=\"og:title\" content=\"My account - Laberinto Chocolates\" \/>\n<meta property=\"og:url\" content=\"https:\/\/laberintochocolates.es\/es\/my-account\/\" \/>\n<meta property=\"og:site_name\" content=\"Laberinto Chocolates\" \/>\n<meta property=\"article:publisher\" content=\"https:\/\/www.facebook.com\/profile.php?id=100076463941001\" \/>\n<meta name=\"twitter:card\" content=\"summary_large_image\" \/>\n<script type=\"application\/ld+json\" class=\"yoast-schema-graph\">{\"@context\":\"https:\\\/\\\/schema.org\",\"@graph\":[{\"@type\":\"WebPage\",\"@id\":\"https:\\\/\\\/laberintochocolates.es\\\/my-account\\\/\",\"url\":\"https:\\\/\\\/laberintochocolates.es\\\/my-account\\\/\",\"name\":\"My account - Laberinto Chocolates\",\"isPartOf\":{\"@id\":\"https:\\\/\\\/laberintochocolates.es\\\/#website\"},\"datePublished\":\"2021-10-29T07:28:32+00:00\",\"breadcrumb\":{\"@id\":\"https:\\\/\\\/laberintochocolates.es\\\/my-account\\\/#breadcrumb\"},\"inLanguage\":\"es\",\"potentialAction\":[{\"@type\":\"ReadAction\",\"target\":[\"https:\\\/\\\/laberintochocolates.es\\\/my-account\\\/\"]}]},{\"@type\":\"BreadcrumbList\",\"@id\":\"https:\\\/\\\/laberintochocolates.es\\\/my-account\\\/#breadcrumb\",\"itemListElement\":[{\"@type\":\"ListItem\",\"position\":1,\"name\":\"Home\",\"item\":\"https:\\\/\\\/laberintochocolates.es\\\/\"},{\"@type\":\"ListItem\",\"position\":2,\"name\":\"My account\"}]},{\"@type\":\"WebSite\",\"@id\":\"https:\\\/\\\/laberintochocolates.es\\\/#website\",\"url\":\"https:\\\/\\\/laberintochocolates.es\\\/\",\"name\":\"Laberinto Chocolates\",\"description\":\"where every bite is a journey, every flavor a discovery, and every creation a tribute to true craftsmanship\",\"publisher\":{\"@id\":\"https:\\\/\\\/laberintochocolates.es\\\/#organization\"},\"potentialAction\":[{\"@type\":\"SearchAction\",\"target\":{\"@type\":\"EntryPoint\",\"urlTemplate\":\"https:\\\/\\\/laberintochocolates.es\\\/?s={search_term_string}\"},\"query-input\":{\"@type\":\"PropertyValueSpecification\",\"valueRequired\":true,\"valueName\":\"search_term_string\"}}],\"inLanguage\":\"es\"},{\"@type\":\"Organization\",\"@id\":\"https:\\\/\\\/laberintochocolates.es\\\/#organization\",\"name\":\"Laberinto Chocolates\",\"url\":\"https:\\\/\\\/laberintochocolates.es\\\/\",\"logo\":{\"@type\":\"ImageObject\",\"inLanguage\":\"es\",\"@id\":\"https:\\\/\\\/laberintochocolates.es\\\/#\\\/schema\\\/logo\\\/image\\\/\",\"url\":\"https:\\\/\\\/laberintochocolates.es\\\/wp-content\\\/uploads\\\/2025\\\/10\\\/Logo.png\",\"contentUrl\":\"https:\\\/\\\/laberintochocolates.es\\\/wp-content\\\/uploads\\\/2025\\\/10\\\/Logo.png\",\"width\":174,\"height\":228,\"caption\":\"Laberinto Chocolates\"},\"image\":{\"@id\":\"https:\\\/\\\/laberintochocolates.es\\\/#\\\/schema\\\/logo\\\/image\\\/\"},\"sameAs\":[\"https:\\\/\\\/www.facebook.com\\\/profile.php?id=100076463941001\"]}]}<\/script>\n<!-- \/ Yoast SEO plugin. -->","yoast_head_json":{"title":"My account - Laberinto Chocolates","robots":{"index":"index","follow":"follow","max-snippet":"max-snippet:-1","max-image-preview":"max-image-preview:large","max-video-preview":"max-video-preview:-1"},"canonical":"https:\/\/laberintochocolates.es\/es\/my-account\/","og_locale":"es_ES","og_type":"article","og_title":"My account - Laberinto Chocolates","og_url":"https:\/\/laberintochocolates.es\/es\/my-account\/","og_site_name":"Laberinto Chocolates","article_publisher":"https:\/\/www.facebook.com\/profile.php?id=100076463941001","twitter_card":"summary_large_image","schema":{"@context":"https:\/\/schema.org","@graph":[{"@type":"WebPage","@id":"https:\/\/laberintochocolates.es\/my-account\/","url":"https:\/\/laberintochocolates.es\/my-account\/","name":"My account - Laberinto Chocolates","isPartOf":{"@id":"https:\/\/laberintochocolates.es\/#website"},"datePublished":"2021-10-29T07:28:32+00:00","breadcrumb":{"@id":"https:\/\/laberintochocolates.es\/my-account\/#breadcrumb"},"inLanguage":"es","potentialAction":[{"@type":"ReadAction","target":["https:\/\/laberintochocolates.es\/my-account\/"]}]},{"@type":"BreadcrumbList","@id":"https:\/\/laberintochocolates.es\/my-account\/#breadcrumb","itemListElement":[{"@type":"ListItem","position":1,"name":"Home","item":"https:\/\/laberintochocolates.es\/"},{"@type":"ListItem","position":2,"name":"My account"}]},{"@type":"WebSite","@id":"https:\/\/laberintochocolates.es\/#website","url":"https:\/\/laberintochocolates.es\/","name":"Laberinto Chocolates","description":"donde cada bocado es un viaje, cada sabor un descubrimiento y cada creaci\u00f3n un tributo a la aut\u00e9ntica artesan\u00eda","publisher":{"@id":"https:\/\/laberintochocolates.es\/#organization"},"potentialAction":[{"@type":"SearchAction","target":{"@type":"EntryPoint","urlTemplate":"https:\/\/laberintochocolates.es\/?s={search_term_string}"},"query-input":{"@type":"PropertyValueSpecification","valueRequired":true,"valueName":"search_term_string"}}],"inLanguage":"es"},{"@type":"Organization","@id":"https:\/\/laberintochocolates.es\/#organization","name":"Laberinto Chocolates","url":"https:\/\/laberintochocolates.es\/","logo":{"@type":"ImageObject","inLanguage":"es","@id":"https:\/\/laberintochocolates.es\/#\/schema\/logo\/image\/","url":"https:\/\/laberintochocolates.es\/wp-content\/uploads\/2025\/10\/Logo.png","contentUrl":"https:\/\/laberintochocolates.es\/wp-content\/uploads\/2025\/10\/Logo.png","width":174,"height":228,"caption":"Laberinto Chocolates"},"image":{"@id":"https:\/\/laberintochocolates.es\/#\/schema\/logo\/image\/"},"sameAs":["https:\/\/www.facebook.com\/profile.php?id=100076463941001"]}]}},"jetpack_sharing_enabled":true,"_links":{"self":[{"href":"https:\/\/laberintochocolates.es\/es\/wp-json\/wp\/v2\/pages\/10252","targetHints":{"allow":["GET"]}}],"collection":[{"href":"https:\/\/laberintochocolates.es\/es\/wp-json\/wp\/v2\/pages"}],"about":[{"href":"https:\/\/laberintochocolates.es\/es\/wp-json\/wp\/v2\/types\/page"}],"author":[{"embeddable":true,"href":"https:\/\/laberintochocolates.es\/es\/wp-json\/wp\/v2\/users\/1"}],"replies":[{"embeddable":true,"href":"https:\/\/laberintochocolates.es\/es\/wp-json\/wp\/v2\/comments?post=10252"}],"version-history":[{"count":0,"href":"https:\/\/laberintochocolates.es\/es\/wp-json\/wp\/v2\/pages\/10252\/revisions"}],"wp:attachment":[{"href":"https:\/\/laberintochocolates.es\/es\/wp-json\/wp\/v2\/media?parent=10252"}],"curies":[{"name":"wp","href":"https:\/\/api.w.org\/{rel}","templated":true}]}}